{"id":2656,"date":"2025-08-12T21:41:43","date_gmt":"2025-08-12T21:41:43","guid":{"rendered":"https:\/\/harms.com.br\/?page_id=2656"},"modified":"2025-10-20T18:35:11","modified_gmt":"2025-10-20T18:35:11","slug":"contato","status":"publish","type":"page","link":"https:\/\/harms.com.br\/en\/contato\/","title":{"rendered":"Contact"},"content":{"rendered":"<div data-elementor-type=\"wp-page\" data-elementor-id=\"2656\" class=\"elementor elementor-2656\" data-elementor-post-type=\"page\">\n\t\t\t\t<div class=\"elementor-element elementor-element-ce5ae83 e-flex e-con-boxed wpr-particle-no wpr-jarallax-no wpr-parallax-no wpr-sticky-section-no e-con e-parent\" data-id=\"ce5ae83\" data-element_type=\"container\" data-settings=\"{&quot;background_background&quot;:&quot;gradient&quot;}\">\n\t\t\t\t\t<div class=\"e-con-inner\">\n\t\t<div class=\"elementor-element elementor-element-9c1cc85 e-flex e-con-boxed wpr-particle-no wpr-jarallax-no wpr-parallax-no wpr-sticky-section-no e-con e-child\" data-id=\"9c1cc85\" data-element_type=\"container\">\n\t\t\t\t\t<div class=\"e-con-inner\">\n\t\t<div class=\"elementor-element elementor-element-4450ac8 e-con-full e-flex wpr-particle-no wpr-jarallax-no wpr-parallax-no wpr-sticky-section-no e-con e-child\" data-id=\"4450ac8\" data-element_type=\"container\">\n\t\t\t\t<div class=\"elementor-element elementor-element-9a5c310 elementor-widget elementor-widget-heading\" data-id=\"9a5c310\" data-element_type=\"widget\" data-widget_type=\"heading.default\">\n\t\t\t\t<div class=\"elementor-widget-container\">\n\t\t\t\t\t<h2 class=\"elementor-heading-title elementor-size-default\">Contact<\/h2>\t\t\t\t<\/div>\n\t\t\t\t<\/div>\n\t\t\t\t<div class=\"elementor-element elementor-element-28cadde elementor-widget-divider--view-line elementor-widget elementor-widget-divider\" data-id=\"28cadde\" data-element_type=\"widget\" data-widget_type=\"divider.default\">\n\t\t\t\t<div class=\"elementor-widget-container\">\n\t\t\t\t\t\t\t<div class=\"elementor-divider\">\n\t\t\t<span class=\"elementor-divider-separator\">\n\t\t\t\t\t\t<\/span>\n\t\t<\/div>\n\t\t\t\t\t\t<\/div>\n\t\t\t\t<\/div>\n\t\t\t\t<div class=\"elementor-element elementor-element-357d8d0 elementor-widget__width-initial elementor-widget-mobile__width-initial elementor-widget elementor-widget-text-editor\" data-id=\"357d8d0\" data-element_type=\"widget\" data-widget_type=\"text-editor.default\">\n\t\t\t\t<div class=\"elementor-widget-container\">\n\t\t\t\t\t\t\t\t\t<div style=\"text-align: center;\">We are ready to hear from you. Fill out the form below or reach out through our support channels. Your message is important to us and will be answered as quickly as possible.<\/div>\t\t\t\t\t\t\t\t<\/div>\n\t\t\t\t<\/div>\n\t\t\t\t<\/div>\n\t\t<div class=\"elementor-element elementor-element-dc62124 e-con-full e-flex wpr-particle-no wpr-jarallax-no wpr-parallax-no wpr-sticky-section-no e-con e-child\" data-id=\"dc62124\" data-element_type=\"container\">\n\t\t\t\t<div class=\"elementor-element elementor-element-91bb906 elementor-widget__width-initial elementor-widget-mobile__width-initial elementor-button-align-stretch elementor-widget elementor-widget-form\" data-id=\"91bb906\" data-element_type=\"widget\" data-settings=\"{&quot;step_next_label&quot;:&quot;Next&quot;,&quot;step_previous_label&quot;:&quot;Previous&quot;,&quot;button_width&quot;:&quot;100&quot;,&quot;step_type&quot;:&quot;number_text&quot;,&quot;step_icon_shape&quot;:&quot;circle&quot;}\" data-widget_type=\"form.default\">\n\t\t\t\t<div class=\"elementor-widget-container\">\n\t\t\t\t\t\t\t<form class=\"elementor-form\" method=\"post\" name=\"New Form\" novalidate=\"\" action=\"\">\n\t\t\t<input type=\"hidden\" name=\"post_id\" value=\"2656\"\/>\n\t\t\t<input type=\"hidden\" name=\"form_id\" value=\"91bb906\"\/>\n\t\t\t<input type=\"hidden\" name=\"referer_title\" value=\"Contato - Harms\" \/>\n\n\t\t\t\t\t\t\t<input type=\"hidden\" name=\"queried_id\" value=\"2656\"\/>\n\t\t\t\n\t\t\t<div class=\"elementor-form-fields-wrapper elementor-labels-above\">\n\t\t\t\t\t\t\t\t<div class=\"elementor-field-type-text elementor-field-group elementor-column elementor-field-group-name elementor-col-100\">\n\t\t\t\t\t\t\t\t\t\t\t\t<label for=\"form-field-name\" class=\"elementor-field-label\">\n\t\t\t\t\t\t\t\tName\t\t\t\t\t\t\t<\/label>\n\t\t\t\t\t\t\t\t\t\t\t\t\t\t<input size=\"1\" type=\"text\" name=\"form_fields[name]\" id=\"form-field-name\" class=\"elementor-field elementor-size-sm  elementor-field-textual\" placeholder=\"Jo\u00e3o da Silva\">\n\t\t\t\t\t\t\t\t\t\t\t<\/div>\n\t\t\t\t\t\t\t\t<div class=\"elementor-field-type-email elementor-field-group elementor-column elementor-field-group-email elementor-col-100 elementor-field-required\">\n\t\t\t\t\t\t\t\t\t\t\t\t<label for=\"form-field-email\" class=\"elementor-field-label\">\n\t\t\t\t\t\t\t\tEmail\t\t\t\t\t\t\t<\/label>\n\t\t\t\t\t\t\t\t\t\t\t\t\t\t<input size=\"1\" type=\"email\" name=\"form_fields[email]\" id=\"form-field-email\" class=\"elementor-field elementor-size-sm  elementor-field-textual\" placeholder=\"exemplo@email.com\" required=\"required\">\n\t\t\t\t\t\t\t\t\t\t\t<\/div>\n\t\t\t\t\t\t\t\t<div class=\"elementor-field-type-textarea elementor-field-group elementor-column elementor-field-group-message elementor-col-100\">\n\t\t\t\t\t\t\t\t\t\t\t\t<label for=\"form-field-message\" class=\"elementor-field-label\">\n\t\t\t\t\t\t\t\tMessage\t\t\t\t\t\t\t<\/label>\n\t\t\t\t\t\t<textarea class=\"elementor-field-textual elementor-field  elementor-size-sm\" name=\"form_fields[message]\" id=\"form-field-message\" rows=\"4\" placeholder=\"Write your message\"><\/textarea>\t\t\t\t<\/div>\n\t\t\t\t\t\t\t\t<div class=\"elementor-field-group elementor-column elementor-field-type-submit elementor-col-100 e-form__buttons\">\n\t\t\t\t\t<button class=\"elementor-button elementor-size-sm\" type=\"submit\">\n\t\t\t\t\t\t<span class=\"elementor-button-content-wrapper\">\n\t\t\t\t\t\t\t\t\t\t\t\t\t\t\t\t\t\t\t\t\t\t<span class=\"elementor-button-text\">SEND<\/span>\n\t\t\t\t\t\t\t\t\t\t\t\t\t<\/span>\n\t\t\t\t\t<\/button>\n\t\t\t\t<\/div>\n\t\t\t<\/div>\n\t\t<input type=\"hidden\" name=\"trp-form-language\" value=\"en\"\/><\/form>\n\t\t\t\t\t\t<\/div>\n\t\t\t\t<\/div>\n\t\t\t\t<\/div>\n\t\t<div class=\"elementor-element elementor-element-caa1d62 e-con-full e-flex wpr-particle-no wpr-jarallax-no wpr-parallax-no wpr-sticky-section-no e-con e-child\" data-id=\"caa1d62\" data-element_type=\"container\">\n\t\t<div class=\"elementor-element elementor-element-44c97c4 e-con-full elementor-hidden-mobile e-flex wpr-particle-no wpr-jarallax-no wpr-parallax-no wpr-sticky-section-no e-con e-child\" data-id=\"44c97c4\" data-element_type=\"container\">\n\t\t<div class=\"elementor-element elementor-element-fc49bc6 e-con-full e-flex wpr-particle-no wpr-jarallax-no wpr-parallax-no wpr-sticky-section-no e-con e-child\" data-id=\"fc49bc6\" data-element_type=\"container\" data-settings=\"{&quot;background_background&quot;:&quot;classic&quot;}\">\n\t\t\t\t<div class=\"elementor-element elementor-element-5aab57c elementor-position-left elementor-view-default elementor-mobile-position-top elementor-widget elementor-widget-icon-box\" data-id=\"5aab57c\" data-element_type=\"widget\" data-widget_type=\"icon-box.default\">\n\t\t\t\t<div class=\"elementor-widget-container\">\n\t\t\t\t\t\t\t<div class=\"elementor-icon-box-wrapper\">\n\n\t\t\t\t\t\t<div class=\"elementor-icon-box-icon\">\n\t\t\t\t<span  class=\"elementor-icon\">\n\t\t\t\t<svg xmlns=\"http:\/\/www.w3.org\/2000\/svg\" width=\"48\" height=\"49\" viewbox=\"0 0 48 49\" fill=\"none\"><rect y=\"0.689941\" width=\"48\" height=\"48\" rx=\"8\" fill=\"white\" fill-opacity=\"0.1\"><\/rect><path d=\"M32 16.6899H16C14.8954 16.6899 14 17.5854 14 18.6899V30.6899C14 31.7945 14.8954 32.6899 16 32.6899H32C33.1046 32.6899 34 31.7945 34 30.6899V18.6899C34 17.5854 33.1046 16.6899 32 16.6899Z\" stroke=\"#D10003\" stroke-width=\"2\" stroke-linecap=\"round\" stroke-linejoin=\"round\"><\/path><path d=\"M34 19.6899L25.03 25.3899C24.7213 25.5834 24.3643 25.686 24 25.686C23.6357 25.686 23.2787 25.5834 22.97 25.3899L14 19.6899\" stroke=\"#D10003\" stroke-width=\"2\" stroke-linecap=\"round\" stroke-linejoin=\"round\"><\/path><\/svg>\t\t\t\t<\/span>\n\t\t\t<\/div>\n\t\t\t\n\t\t\t\t\t\t<div class=\"elementor-icon-box-content\">\n\n\t\t\t\t\t\t\t\t\t<h3 class=\"elementor-icon-box-title\">\n\t\t\t\t\t\t<span  >\n\t\t\t\t\t\t\tE-mail\t\t\t\t\t\t<\/span>\n\t\t\t\t\t<\/h3>\n\t\t\t\t\n\t\t\t\t\t\t\t\t\t<p class=\"elementor-icon-box-description\">\n\t\t\t\t\t\tlogistica@harms.com.br\t\t\t\t\t<\/p>\n\t\t\t\t\n\t\t\t<\/div>\n\t\t\t\n\t\t<\/div>\n\t\t\t\t\t\t<\/div>\n\t\t\t\t<\/div>\n\t\t\t\t<\/div>\n\t\t<div class=\"elementor-element elementor-element-8123504 e-con-full e-flex wpr-particle-no wpr-jarallax-no wpr-parallax-no wpr-sticky-section-no e-con e-child\" data-id=\"8123504\" data-element_type=\"container\" data-settings=\"{&quot;background_background&quot;:&quot;classic&quot;}\">\n\t\t\t\t<div class=\"elementor-element elementor-element-91c7f89 elementor-position-left elementor-view-default elementor-mobile-position-top elementor-widget elementor-widget-icon-box\" data-id=\"91c7f89\" data-element_type=\"widget\" data-widget_type=\"icon-box.default\">\n\t\t\t\t<div class=\"elementor-widget-container\">\n\t\t\t\t\t\t\t<div class=\"elementor-icon-box-wrapper\">\n\n\t\t\t\t\t\t<div class=\"elementor-icon-box-icon\">\n\t\t\t\t<span  class=\"elementor-icon\">\n\t\t\t\t<svg xmlns=\"http:\/\/www.w3.org\/2000\/svg\" width=\"48\" height=\"49\" viewbox=\"0 0 48 49\" fill=\"none\"><rect y=\"0.689941\" width=\"48\" height=\"48\" rx=\"8\" fill=\"white\" fill-opacity=\"0.1\"><\/rect><path d=\"M24 34.6899C29.5228 34.6899 34 30.2128 34 24.6899C34 19.1671 29.5228 14.6899 24 14.6899C18.4772 14.6899 14 19.1671 14 24.6899C14 30.2128 18.4772 34.6899 24 34.6899Z\" stroke=\"#D10003\" stroke-width=\"2\" stroke-linecap=\"round\" stroke-linejoin=\"round\"><\/path><path d=\"M24 14.6899C21.4322 17.3861 20 20.9667 20 24.6899C20 28.4132 21.4322 31.9938 24 34.6899C26.5678 31.9938 28 28.4132 28 24.6899C28 20.9667 26.5678 17.3861 24 14.6899Z\" stroke=\"#D10003\" stroke-width=\"2\" stroke-linecap=\"round\" stroke-linejoin=\"round\"><\/path><path d=\"M14 24.6899H34\" stroke=\"#D10003\" stroke-width=\"2\" stroke-linecap=\"round\" stroke-linejoin=\"round\"><\/path><\/svg>\t\t\t\t<\/span>\n\t\t\t<\/div>\n\t\t\t\n\t\t\t\t\t\t<div class=\"elementor-icon-box-content\">\n\n\t\t\t\t\t\t\t\t\t<h3 class=\"elementor-icon-box-title\">\n\t\t\t\t\t\t<span  >\n\t\t\t\t\t\t\tWebsite\t\t\t\t\t\t<\/span>\n\t\t\t\t\t<\/h3>\n\t\t\t\t\n\t\t\t\t\t\t\t\t\t<p class=\"elementor-icon-box-description\">\n\t\t\t\t\t\twww.harms.com.br\t\t\t\t\t<\/p>\n\t\t\t\t\n\t\t\t<\/div>\n\t\t\t\n\t\t<\/div>\n\t\t\t\t\t\t<\/div>\n\t\t\t\t<\/div>\n\t\t\t\t<\/div>\n\t\t<div class=\"elementor-element elementor-element-4206c6a e-con-full e-flex wpr-particle-no wpr-jarallax-no wpr-parallax-no wpr-sticky-section-no e-con e-child\" data-id=\"4206c6a\" data-element_type=\"container\" data-settings=\"{&quot;background_background&quot;:&quot;classic&quot;}\">\n\t\t\t\t<div class=\"elementor-element elementor-element-1ef54b9 elementor-position-left elementor-view-default elementor-mobile-position-top elementor-widget elementor-widget-icon-box\" data-id=\"1ef54b9\" data-element_type=\"widget\" data-widget_type=\"icon-box.default\">\n\t\t\t\t<div class=\"elementor-widget-container\">\n\t\t\t\t\t\t\t<div class=\"elementor-icon-box-wrapper\">\n\n\t\t\t\t\t\t<div class=\"elementor-icon-box-icon\">\n\t\t\t\t<span  class=\"elementor-icon\">\n\t\t\t\t<svg xmlns=\"http:\/\/www.w3.org\/2000\/svg\" width=\"48\" height=\"49\" viewbox=\"0 0 48 49\" fill=\"none\"><rect y=\"0.689941\" width=\"48\" height=\"48\" rx=\"8\" fill=\"white\" fill-opacity=\"0.1\"><\/rect><path d=\"M33.9999 29.6099V32.6099C34.0011 32.8884 33.944 33.1641 33.8324 33.4193C33.7209 33.6744 33.5572 33.9035 33.352 34.0918C33.1468 34.2801 32.9045 34.4234 32.6407 34.5126C32.3769 34.6018 32.0973 34.635 31.8199 34.6099C28.7428 34.2756 25.7869 33.2241 23.1899 31.5399C20.7738 30.0046 18.7253 27.9561 17.1899 25.5399C15.4999 22.9311 14.4482 19.9609 14.1199 16.8699C14.0949 16.5934 14.1278 16.3147 14.2164 16.0515C14.3051 15.7884 14.4475 15.5466 14.6347 15.3415C14.8219 15.1365 15.0497 14.9726 15.3037 14.8604C15.5577 14.7483 15.8323 14.6902 16.1099 14.6899H19.1099C19.5952 14.6851 20.0657 14.857 20.4337 15.1734C20.8017 15.4899 21.042 15.9294 21.1099 16.4099C21.2366 17.37 21.4714 18.3126 21.8099 19.2199C21.9445 19.5778 21.9736 19.9668 21.8938 20.3408C21.8141 20.7148 21.6288 21.058 21.3599 21.3299L20.0899 22.5999C21.5135 25.1035 23.5864 27.1764 26.0899 28.5999L27.3599 27.3299C27.6318 27.0611 27.9751 26.8758 28.3491 26.796C28.723 26.7163 29.112 26.7454 29.4699 26.8799C30.3772 27.2185 31.3199 27.4533 32.2799 27.5799C32.7657 27.6484 33.2093 27.8931 33.5265 28.2674C33.8436 28.6417 34.0121 29.1195 33.9999 29.6099Z\" stroke=\"#D10003\" stroke-width=\"2\" stroke-linecap=\"round\" stroke-linejoin=\"round\"><\/path><\/svg>\t\t\t\t<\/span>\n\t\t\t<\/div>\n\t\t\t\n\t\t\t\t\t\t<div class=\"elementor-icon-box-content\">\n\n\t\t\t\t\t\t\t\t\t<h3 class=\"elementor-icon-box-title\">\n\t\t\t\t\t\t<span  >\n\t\t\t\t\t\t\tSupport\t\t\t\t\t\t<\/span>\n\t\t\t\t\t<\/h3>\n\t\t\t\t\n\t\t\t\t\t\t\t\t\t<p class=\"elementor-icon-box-description\">\n\t\t\t\t\t\t24 hours a day, 7 days a week\t\t\t\t\t<\/p>\n\t\t\t\t\n\t\t\t<\/div>\n\t\t\t\n\t\t<\/div>\n\t\t\t\t\t\t<\/div>\n\t\t\t\t<\/div>\n\t\t\t\t<\/div>\n\t\t<div class=\"elementor-element elementor-element-4445e03 e-con-full e-flex wpr-particle-no wpr-jarallax-no wpr-parallax-no wpr-sticky-section-no e-con e-child\" data-id=\"4445e03\" data-element_type=\"container\" data-settings=\"{&quot;background_background&quot;:&quot;classic&quot;}\">\n\t\t\t\t<div class=\"elementor-element elementor-element-f7815d5 elementor-position-left elementor-view-default elementor-mobile-position-top elementor-widget elementor-widget-icon-box\" data-id=\"f7815d5\" data-element_type=\"widget\" data-widget_type=\"icon-box.default\">\n\t\t\t\t<div class=\"elementor-widget-container\">\n\t\t\t\t\t\t\t<div class=\"elementor-icon-box-wrapper\">\n\n\t\t\t\t\t\t<div class=\"elementor-icon-box-icon\">\n\t\t\t\t<span  class=\"elementor-icon\">\n\t\t\t\t<svg xmlns=\"http:\/\/www.w3.org\/2000\/svg\" width=\"48\" height=\"49\" viewbox=\"0 0 48 49\" fill=\"none\"><rect y=\"0.689941\" width=\"48\" height=\"48\" rx=\"8\" fill=\"white\" fill-opacity=\"0.1\"><\/rect><path d=\"M32 22.6899C32 27.6829 26.461 32.8829 24.601 34.4889C24.4277 34.6192 24.2168 34.6897 24 34.6897C23.7832 34.6897 23.5723 34.6192 23.399 34.4889C21.539 32.8829 16 27.6829 16 22.6899C16 20.5682 16.8429 18.5334 18.3431 17.0331C19.8434 15.5328 21.8783 14.6899 24 14.6899C26.1217 14.6899 28.1566 15.5328 29.6569 17.0331C31.1571 18.5334 32 20.5682 32 22.6899Z\" stroke=\"#D10003\" stroke-width=\"2\" stroke-linecap=\"round\" stroke-linejoin=\"round\"><\/path><path d=\"M24 25.6899C25.6569 25.6899 27 24.3468 27 22.6899C27 21.0331 25.6569 19.6899 24 19.6899C22.3431 19.6899 21 21.0331 21 22.6899C21 24.3468 22.3431 25.6899 24 25.6899Z\" stroke=\"#D10003\" stroke-width=\"2\" stroke-linecap=\"round\" stroke-linejoin=\"round\"><\/path><\/svg>\t\t\t\t<\/span>\n\t\t\t<\/div>\n\t\t\t\n\t\t\t\t\t\t<div class=\"elementor-icon-box-content\">\n\n\t\t\t\t\t\t\t\t\t<h3 class=\"elementor-icon-box-title\">\n\t\t\t\t\t\t<span  >\n\t\t\t\t\t\t\tCoverage \t\t\t\t\t\t<\/span>\n\t\t\t\t\t<\/h3>\n\t\t\t\t\n\t\t\t\t\t\t\t\t\t<p class=\"elementor-icon-box-description\">\n\t\t\t\t\t\tOperating in Brazil\u2019s main ports\t\t\t\t\t<\/p>\n\t\t\t\t\n\t\t\t<\/div>\n\t\t\t\n\t\t<\/div>\n\t\t\t\t\t\t<\/div>\n\t\t\t\t<\/div>\n\t\t\t\t<\/div>\n\t\t\t\t<\/div>\n\t\t\t\t<\/div>\n\t\t<div class=\"elementor-element elementor-element-8d9214b e-con-full e-grid elementor-hidden-desktop elementor-hidden-tablet wpr-particle-no wpr-jarallax-no wpr-parallax-no wpr-sticky-section-no e-con e-child\" data-id=\"8d9214b\" data-element_type=\"container\">\n\t\t<div class=\"elementor-element elementor-element-d145013 e-con-full e-flex wpr-particle-no wpr-jarallax-no wpr-parallax-no wpr-sticky-section-no e-con e-child\" data-id=\"d145013\" data-element_type=\"container\" data-settings=\"{&quot;background_background&quot;:&quot;classic&quot;}\">\n\t\t\t\t<div class=\"elementor-element elementor-element-e38d7f7 elementor-position-left elementor-view-default elementor-mobile-position-top elementor-widget elementor-widget-icon-box\" data-id=\"e38d7f7\" data-element_type=\"widget\" data-widget_type=\"icon-box.default\">\n\t\t\t\t<div class=\"elementor-widget-container\">\n\t\t\t\t\t\t\t<div class=\"elementor-icon-box-wrapper\">\n\n\t\t\t\t\t\t<div class=\"elementor-icon-box-icon\">\n\t\t\t\t<span  class=\"elementor-icon\">\n\t\t\t\t<svg xmlns=\"http:\/\/www.w3.org\/2000\/svg\" width=\"48\" height=\"49\" viewbox=\"0 0 48 49\" fill=\"none\"><rect y=\"0.689941\" width=\"48\" height=\"48\" rx=\"8\" fill=\"white\" fill-opacity=\"0.1\"><\/rect><path d=\"M32 16.6899H16C14.8954 16.6899 14 17.5854 14 18.6899V30.6899C14 31.7945 14.8954 32.6899 16 32.6899H32C33.1046 32.6899 34 31.7945 34 30.6899V18.6899C34 17.5854 33.1046 16.6899 32 16.6899Z\" stroke=\"#D10003\" stroke-width=\"2\" stroke-linecap=\"round\" stroke-linejoin=\"round\"><\/path><path d=\"M34 19.6899L25.03 25.3899C24.7213 25.5834 24.3643 25.686 24 25.686C23.6357 25.686 23.2787 25.5834 22.97 25.3899L14 19.6899\" stroke=\"#D10003\" stroke-width=\"2\" stroke-linecap=\"round\" stroke-linejoin=\"round\"><\/path><\/svg>\t\t\t\t<\/span>\n\t\t\t<\/div>\n\t\t\t\n\t\t\t\t\t\t<div class=\"elementor-icon-box-content\">\n\n\t\t\t\t\t\t\t\t\t<h3 class=\"elementor-icon-box-title\">\n\t\t\t\t\t\t<span  >\n\t\t\t\t\t\t\tE-mail\t\t\t\t\t\t<\/span>\n\t\t\t\t\t<\/h3>\n\t\t\t\t\n\t\t\t\t\t\t\t\t\t<p class=\"elementor-icon-box-description\">\n\t\t\t\t\t\tlogistica@harms.com.br\t\t\t\t\t<\/p>\n\t\t\t\t\n\t\t\t<\/div>\n\t\t\t\n\t\t<\/div>\n\t\t\t\t\t\t<\/div>\n\t\t\t\t<\/div>\n\t\t\t\t<\/div>\n\t\t<div class=\"elementor-element elementor-element-c4c15be e-con-full e-flex wpr-particle-no wpr-jarallax-no wpr-parallax-no wpr-sticky-section-no e-con e-child\" data-id=\"c4c15be\" data-element_type=\"container\" data-settings=\"{&quot;background_background&quot;:&quot;classic&quot;}\">\n\t\t\t\t<div class=\"elementor-element elementor-element-80a9654 elementor-position-left elementor-view-default elementor-mobile-position-top elementor-widget elementor-widget-icon-box\" data-id=\"80a9654\" data-element_type=\"widget\" data-widget_type=\"icon-box.default\">\n\t\t\t\t<div class=\"elementor-widget-container\">\n\t\t\t\t\t\t\t<div class=\"elementor-icon-box-wrapper\">\n\n\t\t\t\t\t\t<div class=\"elementor-icon-box-icon\">\n\t\t\t\t<span  class=\"elementor-icon\">\n\t\t\t\t<svg xmlns=\"http:\/\/www.w3.org\/2000\/svg\" width=\"48\" height=\"49\" viewbox=\"0 0 48 49\" fill=\"none\"><rect y=\"0.689941\" width=\"48\" height=\"48\" rx=\"8\" fill=\"white\" fill-opacity=\"0.1\"><\/rect><path d=\"M24 34.6899C29.5228 34.6899 34 30.2128 34 24.6899C34 19.1671 29.5228 14.6899 24 14.6899C18.4772 14.6899 14 19.1671 14 24.6899C14 30.2128 18.4772 34.6899 24 34.6899Z\" stroke=\"#D10003\" stroke-width=\"2\" stroke-linecap=\"round\" stroke-linejoin=\"round\"><\/path><path d=\"M24 14.6899C21.4322 17.3861 20 20.9667 20 24.6899C20 28.4132 21.4322 31.9938 24 34.6899C26.5678 31.9938 28 28.4132 28 24.6899C28 20.9667 26.5678 17.3861 24 14.6899Z\" stroke=\"#D10003\" stroke-width=\"2\" stroke-linecap=\"round\" stroke-linejoin=\"round\"><\/path><path d=\"M14 24.6899H34\" stroke=\"#D10003\" stroke-width=\"2\" stroke-linecap=\"round\" stroke-linejoin=\"round\"><\/path><\/svg>\t\t\t\t<\/span>\n\t\t\t<\/div>\n\t\t\t\n\t\t\t\t\t\t<div class=\"elementor-icon-box-content\">\n\n\t\t\t\t\t\t\t\t\t<h3 class=\"elementor-icon-box-title\">\n\t\t\t\t\t\t<span  >\n\t\t\t\t\t\t\tWebsite\t\t\t\t\t\t<\/span>\n\t\t\t\t\t<\/h3>\n\t\t\t\t\n\t\t\t\t\t\t\t\t\t<p class=\"elementor-icon-box-description\">\n\t\t\t\t\t\twww.harms.com.br\t\t\t\t\t<\/p>\n\t\t\t\t\n\t\t\t<\/div>\n\t\t\t\n\t\t<\/div>\n\t\t\t\t\t\t<\/div>\n\t\t\t\t<\/div>\n\t\t\t\t<\/div>\n\t\t<div class=\"elementor-element elementor-element-ef49735 e-con-full e-flex wpr-particle-no wpr-jarallax-no wpr-parallax-no wpr-sticky-section-no e-con e-child\" data-id=\"ef49735\" data-element_type=\"container\" data-settings=\"{&quot;background_background&quot;:&quot;classic&quot;}\">\n\t\t\t\t<div class=\"elementor-element elementor-element-2f04468 elementor-position-left elementor-view-default elementor-mobile-position-top elementor-widget elementor-widget-icon-box\" data-id=\"2f04468\" data-element_type=\"widget\" data-widget_type=\"icon-box.default\">\n\t\t\t\t<div class=\"elementor-widget-container\">\n\t\t\t\t\t\t\t<div class=\"elementor-icon-box-wrapper\">\n\n\t\t\t\t\t\t<div class=\"elementor-icon-box-icon\">\n\t\t\t\t<span  class=\"elementor-icon\">\n\t\t\t\t<svg xmlns=\"http:\/\/www.w3.org\/2000\/svg\" width=\"48\" height=\"49\" viewbox=\"0 0 48 49\" fill=\"none\"><rect y=\"0.689941\" width=\"48\" height=\"48\" rx=\"8\" fill=\"white\" fill-opacity=\"0.1\"><\/rect><path d=\"M33.9999 29.6099V32.6099C34.0011 32.8884 33.944 33.1641 33.8324 33.4193C33.7209 33.6744 33.5572 33.9035 33.352 34.0918C33.1468 34.2801 32.9045 34.4234 32.6407 34.5126C32.3769 34.6018 32.0973 34.635 31.8199 34.6099C28.7428 34.2756 25.7869 33.2241 23.1899 31.5399C20.7738 30.0046 18.7253 27.9561 17.1899 25.5399C15.4999 22.9311 14.4482 19.9609 14.1199 16.8699C14.0949 16.5934 14.1278 16.3147 14.2164 16.0515C14.3051 15.7884 14.4475 15.5466 14.6347 15.3415C14.8219 15.1365 15.0497 14.9726 15.3037 14.8604C15.5577 14.7483 15.8323 14.6902 16.1099 14.6899H19.1099C19.5952 14.6851 20.0657 14.857 20.4337 15.1734C20.8017 15.4899 21.042 15.9294 21.1099 16.4099C21.2366 17.37 21.4714 18.3126 21.8099 19.2199C21.9445 19.5778 21.9736 19.9668 21.8938 20.3408C21.8141 20.7148 21.6288 21.058 21.3599 21.3299L20.0899 22.5999C21.5135 25.1035 23.5864 27.1764 26.0899 28.5999L27.3599 27.3299C27.6318 27.0611 27.9751 26.8758 28.3491 26.796C28.723 26.7163 29.112 26.7454 29.4699 26.8799C30.3772 27.2185 31.3199 27.4533 32.2799 27.5799C32.7657 27.6484 33.2093 27.8931 33.5265 28.2674C33.8436 28.6417 34.0121 29.1195 33.9999 29.6099Z\" stroke=\"#D10003\" stroke-width=\"2\" stroke-linecap=\"round\" stroke-linejoin=\"round\"><\/path><\/svg>\t\t\t\t<\/span>\n\t\t\t<\/div>\n\t\t\t\n\t\t\t\t\t\t<div class=\"elementor-icon-box-content\">\n\n\t\t\t\t\t\t\t\t\t<h3 class=\"elementor-icon-box-title\">\n\t\t\t\t\t\t<span  >\n\t\t\t\t\t\t\tSupport\t\t\t\t\t\t<\/span>\n\t\t\t\t\t<\/h3>\n\t\t\t\t\n\t\t\t\t\t\t\t\t\t<p class=\"elementor-icon-box-description\">\n\t\t\t\t\t\t24 hours a day, 7 days a week\t\t\t\t\t<\/p>\n\t\t\t\t\n\t\t\t<\/div>\n\t\t\t\n\t\t<\/div>\n\t\t\t\t\t\t<\/div>\n\t\t\t\t<\/div>\n\t\t\t\t<\/div>\n\t\t<div class=\"elementor-element elementor-element-5000ab2 e-con-full e-flex wpr-particle-no wpr-jarallax-no wpr-parallax-no wpr-sticky-section-no e-con e-child\" data-id=\"5000ab2\" data-element_type=\"container\" data-settings=\"{&quot;background_background&quot;:&quot;classic&quot;}\">\n\t\t\t\t<div class=\"elementor-element elementor-element-f52c131 elementor-position-left elementor-view-default elementor-mobile-position-top elementor-widget elementor-widget-icon-box\" data-id=\"f52c131\" data-element_type=\"widget\" data-widget_type=\"icon-box.default\">\n\t\t\t\t<div class=\"elementor-widget-container\">\n\t\t\t\t\t\t\t<div class=\"elementor-icon-box-wrapper\">\n\n\t\t\t\t\t\t<div class=\"elementor-icon-box-icon\">\n\t\t\t\t<span  class=\"elementor-icon\">\n\t\t\t\t<svg xmlns=\"http:\/\/www.w3.org\/2000\/svg\" width=\"48\" height=\"49\" viewbox=\"0 0 48 49\" fill=\"none\"><rect y=\"0.689941\" width=\"48\" height=\"48\" rx=\"8\" fill=\"white\" fill-opacity=\"0.1\"><\/rect><path d=\"M32 22.6899C32 27.6829 26.461 32.8829 24.601 34.4889C24.4277 34.6192 24.2168 34.6897 24 34.6897C23.7832 34.6897 23.5723 34.6192 23.399 34.4889C21.539 32.8829 16 27.6829 16 22.6899C16 20.5682 16.8429 18.5334 18.3431 17.0331C19.8434 15.5328 21.8783 14.6899 24 14.6899C26.1217 14.6899 28.1566 15.5328 29.6569 17.0331C31.1571 18.5334 32 20.5682 32 22.6899Z\" stroke=\"#D10003\" stroke-width=\"2\" stroke-linecap=\"round\" stroke-linejoin=\"round\"><\/path><path d=\"M24 25.6899C25.6569 25.6899 27 24.3468 27 22.6899C27 21.0331 25.6569 19.6899 24 19.6899C22.3431 19.6899 21 21.0331 21 22.6899C21 24.3468 22.3431 25.6899 24 25.6899Z\" stroke=\"#D10003\" stroke-width=\"2\" stroke-linecap=\"round\" stroke-linejoin=\"round\"><\/path><\/svg>\t\t\t\t<\/span>\n\t\t\t<\/div>\n\t\t\t\n\t\t\t\t\t\t<div class=\"elementor-icon-box-content\">\n\n\t\t\t\t\t\t\t\t\t<h3 class=\"elementor-icon-box-title\">\n\t\t\t\t\t\t<span  >\n\t\t\t\t\t\t\tCoverage \t\t\t\t\t\t<\/span>\n\t\t\t\t\t<\/h3>\n\t\t\t\t\n\t\t\t\t\t\t\t\t\t<p class=\"elementor-icon-box-description\">\n\t\t\t\t\t\tOperating in Brazil\u2019s main ports\t\t\t\t\t<\/p>\n\t\t\t\t\n\t\t\t<\/div>\n\t\t\t\n\t\t<\/div>\n\t\t\t\t\t\t<\/div>\n\t\t\t\t<\/div>\n\t\t\t\t<\/div>\n\t\t\t\t<\/div>\n\t\t\t\t\t<\/div>\n\t\t\t\t<\/div>\n\t\t\t\t\t<\/div>\n\t\t\t\t<\/div>\n\t\t\t\t<\/div>","protected":false},"excerpt":{"rendered":"<p>Contato Estamos prontos para ouvir voc\u00ea. Preencha o formul\u00e1rio abaixo ou entre em contato pelos nossos canais de atendimento. Sua mensagem \u00e9 importante para n\u00f3s e ser\u00e1 respondida o mais r\u00e1pido poss\u00edvel. E-mail logistica@harms.com.br Website www.harms.com.br Atendimento 24 horas por dia, 7 dias por semana Atua\u00e7\u00e3o Principais portos do Brasil E-mail logistica@harms.com.br Website www.harms.com.br Atendimento 24 horas por dia, 7 dias por semana Atua\u00e7\u00e3o Principais portos do Brasil<\/p>","protected":false},"author":3,"featured_media":0,"parent":0,"menu_order":0,"comment_status":"closed","ping_status":"closed","template":"elementor_header_footer","meta":{"footnotes":""},"class_list":["post-2656","page","type-page","status-publish","hentry"],"aioseo_notices":[],"_links":{"self":[{"href":"https:\/\/harms.com.br\/en\/wp-json\/wp\/v2\/pages\/2656","targetHints":{"allow":["GET"]}}],"collection":[{"href":"https:\/\/harms.com.br\/en\/wp-json\/wp\/v2\/pages"}],"about":[{"href":"https:\/\/harms.com.br\/en\/wp-json\/wp\/v2\/types\/page"}],"author":[{"embeddable":true,"href":"https:\/\/harms.com.br\/en\/wp-json\/wp\/v2\/users\/3"}],"replies":[{"embeddable":true,"href":"https:\/\/harms.com.br\/en\/wp-json\/wp\/v2\/comments?post=2656"}],"version-history":[{"count":78,"href":"https:\/\/harms.com.br\/en\/wp-json\/wp\/v2\/pages\/2656\/revisions"}],"predecessor-version":[{"id":3020,"href":"https:\/\/harms.com.br\/en\/wp-json\/wp\/v2\/pages\/2656\/revisions\/3020"}],"wp:attachment":[{"href":"https:\/\/harms.com.br\/en\/wp-json\/wp\/v2\/media?parent=2656"}],"curies":[{"name":"wp","href":"https:\/\/api.w.org\/{rel}","templated":true}]}}